{"id":30429,"date":"2025-02-17T17:13:37","date_gmt":"2025-02-17T16:13:37","guid":{"rendered":"https:\/\/casoriacontemporaryartmuseum.com\/?post_type=product&#038;p=30429"},"modified":"2025-03-11T16:27:33","modified_gmt":"2025-03-11T15:27:33","slug":"prenotazioni","status":"publish","type":"product","link":"https:\/\/casoriacontemporaryartmuseum.com\/it\/support-o-cam\/prenotazioni\/","title":{"rendered":"Prenotazioni"},"content":{"rendered":"<p><style id=\"wpforms-css-vars-30415\">\n\t\t\t\t#wpforms-30415 {\n\t\t\t\t--wpforms-container-padding: 0px;\n--wpforms-container-border-width: 1px;\n--wpforms-container-border-radius: 3px;\n--wpforms-background-color: rgba(0, 0, 0, 0);\n--wpforms-field-size-input-height: 43px;\n--wpforms-field-size-input-spacing: 15px;\n--wpforms-field-size-font-size: 16px;\n--wpforms-field-size-line-height: 19px;\n--wpforms-field-size-padding-h: 14px;\n--wpforms-field-size-checkbox-size: 16px;\n--wpforms-field-size-sublabel-spacing: 5px;\n--wpforms-field-size-icon-size: 1;\n--wpforms-label-size-font-size: 16px;\n--wpforms-label-size-line-height: 19px;\n--wpforms-label-size-sublabel-font-size: 14px;\n--wpforms-label-size-sublabel-line-height: 17px;\n--wpforms-button-size-font-size: 17px;\n--wpforms-button-size-height: 41px;\n--wpforms-button-size-padding-h: 15px;\n--wpforms-button-size-margin-top: 10px;\n--wpforms-container-shadow-size-box-shadow: none;\n\t\t\t}\n\t\t\t<\/style><div class=\"wpforms-container wpforms-container-full wpforms-render-modern\" id=\"wpforms-30415\"><form id=\"wpforms-form-30415\" class=\"wpforms-validate wpforms-form wpforms-ajax-form\" data-formid=\"30415\" method=\"post\" enctype=\"multipart\/form-data\" action=\"\/it\/wp-json\/wp\/v2\/product\/30429\" data-token=\"d928518d58983768d4c6d5271589a606\" data-token-time=\"1776504324\"><div class=\"wpforms-head-container\"><div class=\"wpforms-title\">PRENOTAZIONI<\/div><\/div><noscript class=\"wpforms-error-noscript\">Abilita JavaScript nel browser per completare questo modulo.<\/noscript><div id=\"wpforms-error-noscript\" style=\"display: none;\">Abilita JavaScript nel browser per completare questo modulo.<\/div><div class=\"wpforms-field-container\"><div id=\"wpforms-30415-field_9-container\" class=\"wpforms-field wpforms-field-text\" data-field-id=\"9\"><label class=\"wpforms-field-label\" for=\"wpforms-30415-field_9\">Scrivi la data dell&#039;evento che vuoi prenotare <span class=\"wpforms-required-label\" aria-hidden=\"true\">*<\/span><\/label><input type=\"text\" id=\"wpforms-30415-field_9\" class=\"wpforms-field-medium wpforms-field-required\" name=\"wpforms[fields][9]\" aria-errormessage=\"wpforms-30415-field_9-error\" aria-describedby=\"wpforms-30415-field_9-description\" required><div id=\"wpforms-30415-field_9-description\" class=\"wpforms-field-description\">scrivi in formato  00\/00\/0000 la data dell'evento per cui ti stai registrando <\/div><\/div><div id=\"wpforms-30415-field_16-container\" class=\"wpforms-field wpforms-field-radio\" data-field-id=\"16\"><fieldset><legend class=\"wpforms-field-label\">Prenotazione<\/legend><ul id=\"wpforms-30415-field_16\"><li class=\"choice-1 depth-1\"><input type=\"radio\" id=\"wpforms-30415-field_16_1\" name=\"wpforms[fields][16]\" value=\"17 aprile COUNTRY NIGHT ingresso \u20ac 7 Pagamento in loco\" aria-errormessage=\"wpforms-30415-field_16_1-error\" aria-describedby=\"wpforms-30415-field_16-description\"  ><label class=\"wpforms-field-label-inline\" for=\"wpforms-30415-field_16_1\">17 aprile COUNTRY NIGHT ingresso \u20ac 7 Pagamento in loco<\/label><\/li><li class=\"choice-3 depth-1\"><input type=\"radio\" id=\"wpforms-30415-field_16_3\" name=\"wpforms[fields][16]\" value=\"17 aprile COUNTRY NIGHT ingresso + laboratorio \u20ac 17 Pagamento in loco\" aria-errormessage=\"wpforms-30415-field_16_3-error\" aria-describedby=\"wpforms-30415-field_16-description\"  ><label class=\"wpforms-field-label-inline\" for=\"wpforms-30415-field_16_3\">17 aprile COUNTRY NIGHT ingresso + laboratorio \u20ac 17 Pagamento in loco<\/label><\/li><li class=\"choice-2 depth-1\"><input type=\"radio\" id=\"wpforms-30415-field_16_2\" name=\"wpforms[fields][16]\" value=\"14.05.2026 Concerto LINO CANAVACCIUOLO \u20ac 10 Pagamento in loco\" aria-errormessage=\"wpforms-30415-field_16_2-error\" aria-describedby=\"wpforms-30415-field_16-description\"  ><label class=\"wpforms-field-label-inline\" for=\"wpforms-30415-field_16_2\">14.05.2026 Concerto LINO CANAVACCIUOLO \u20ac 10 Pagamento in loco<\/label><\/li><\/ul><div id=\"wpforms-30415-field_16-description\" class=\"wpforms-field-description\">Per il laboratorio forniamo un cappello da Cowboy da dipingere e tutto il materiale occorrente.<\/div><\/fieldset><\/div>\t\t<div id=\"wpforms-30415-field_1-container\"\n\t\t\tclass=\"wpforms-field wpforms-field-text\"\n\t\t\tdata-field-type=\"text\"\n\t\t\tdata-field-id=\"1\"\n\t\t\t>\n\t\t\t<label class=\"wpforms-field-label\" for=\"wpforms-30415-field_1\" >Scrivi Prenotazione telefono<\/label>\n\t\t\t<input type=\"text\" id=\"wpforms-30415-field_1\" class=\"wpforms-field-medium\" name=\"wpforms[fields][1]\" >\n\t\t<\/div>\n\t\t<div id=\"wpforms-30415-field_12-container\" class=\"wpforms-field wpforms-field-name\" data-field-id=\"12\"><fieldset><legend class=\"wpforms-field-label\">Nome <span class=\"wpforms-required-label\" aria-hidden=\"true\">*<\/span><\/legend><div class=\"wpforms-field-row wpforms-field-medium\"><div class=\"wpforms-field-row-block wpforms-first wpforms-one-half\"><input type=\"text\" id=\"wpforms-30415-field_12\" class=\"wpforms-field-name-first wpforms-field-required\" name=\"wpforms[fields][12][first]\" aria-errormessage=\"wpforms-30415-field_12-error\" required><label for=\"wpforms-30415-field_12\" class=\"wpforms-field-sublabel after\">Nome<\/label><\/div><div class=\"wpforms-field-row-block wpforms-one-half\"><input type=\"text\" id=\"wpforms-30415-field_12-last\" class=\"wpforms-field-name-last wpforms-field-required\" name=\"wpforms[fields][12][last]\" aria-errormessage=\"wpforms-30415-field_12-last-error\" required><label for=\"wpforms-30415-field_12-last\" class=\"wpforms-field-sublabel after\">Cognome<\/label><\/div><\/div><\/fieldset><\/div><div id=\"wpforms-30415-field_5-container\" class=\"wpforms-field wpforms-field-email\" data-field-id=\"5\"><label class=\"wpforms-field-label\" for=\"wpforms-30415-field_5\">Email <span class=\"wpforms-required-label\" aria-hidden=\"true\">*<\/span><\/label><input type=\"email\" id=\"wpforms-30415-field_5\" class=\"wpforms-field-medium wpforms-field-required\" name=\"wpforms[fields][5]\" spellcheck=\"false\" aria-errormessage=\"wpforms-30415-field_5-error\" required><\/div><div id=\"wpforms-30415-field_8-container\" class=\"wpforms-field wpforms-field-number\" data-field-id=\"8\"><label class=\"wpforms-field-label\" for=\"wpforms-30415-field_8\">Numero di telefono <span class=\"wpforms-required-label\" aria-hidden=\"true\">*<\/span><\/label><input type=\"number\" id=\"wpforms-30415-field_8\" class=\"wpforms-field-medium wpforms-field-required\" name=\"wpforms[fields][8]\" step=\"any\" aria-errormessage=\"wpforms-30415-field_8-error\" required><\/div><div id=\"wpforms-30415-field_13-container\" class=\"wpforms-field wpforms-field-text\" data-field-id=\"13\"><label class=\"wpforms-field-label\" for=\"wpforms-30415-field_13\">Citt\u00e0 di residenza <span class=\"wpforms-required-label\" aria-hidden=\"true\">*<\/span><\/label><input type=\"text\" id=\"wpforms-30415-field_13\" class=\"wpforms-field-medium wpforms-field-required\" name=\"wpforms[fields][13]\" aria-errormessage=\"wpforms-30415-field_13-error\" aria-describedby=\"wpforms-30415-field_13-description\" required><div id=\"wpforms-30415-field_13-description\" class=\"wpforms-field-description\">Il nostro obiettivo \u00e8 raggiungere un pubblico sempre pi\u00f9 ampio. Facci sapere da dove vieni e qual \u00e8 la tua et\u00e0.<\/div><\/div><div id=\"wpforms-30415-field_14-container\" class=\"wpforms-field wpforms-field-text\" data-field-id=\"14\"><label class=\"wpforms-field-label\" for=\"wpforms-30415-field_14\">Data di nascita <span class=\"wpforms-required-label\" aria-hidden=\"true\">*<\/span><\/label><input type=\"text\" id=\"wpforms-30415-field_14\" class=\"wpforms-field-medium wpforms-field-required\" name=\"wpforms[fields][14]\" aria-errormessage=\"wpforms-30415-field_14-error\" aria-describedby=\"wpforms-30415-field_14-description\" required><div id=\"wpforms-30415-field_14-description\" class=\"wpforms-field-description\">Scrivi in formato  00\/00\/0000\n<\/div><\/div><script>\n\t\t\t\t( function() {\n\t\t\t\t\tconst style = document.createElement( 'style' );\n\t\t\t\t\tstyle.appendChild( document.createTextNode( '#wpforms-30415-field_1-container { position: absolute !important; overflow: hidden !important; display: inline !important; height: 1px !important; width: 1px !important; z-index: -1000 !important; padding: 0 !important; } #wpforms-30415-field_1-container input { visibility: hidden; } #wpforms-conversational-form-page #wpforms-30415-field_1-container label { counter-increment: none; }' ) );\n\t\t\t\t\tdocument.head.appendChild( style );\n\t\t\t\t\tdocument.currentScript?.remove();\n\t\t\t\t} )();\n\t\t\t<\/script><\/div><!-- .wpforms-field-container --><div class=\"wpforms-submit-container\" ><input type=\"hidden\" name=\"wpforms[id]\" value=\"30415\"><input type=\"hidden\" name=\"page_title\" value=\"\"><input type=\"hidden\" name=\"page_url\" value=\"https:\/\/casoriacontemporaryartmuseum.com\/it\/wp-json\/wp\/v2\/product\/30429\"><input type=\"hidden\" name=\"url_referer\" value=\"\"><button type=\"submit\" name=\"wpforms[submit]\" id=\"wpforms-submit-30415\" class=\"wpforms-submit\" data-alt-text=\"Sending...\" data-submit-text=\"INVIA PRENOTAZIONE\" aria-live=\"assertive\" value=\"wpforms-submit\">INVIA PRENOTAZIONE<\/button><img loading=\"lazy\" decoding=\"async\" src=\"https:\/\/casoriacontemporaryartmuseum.com\/wp-content\/plugins\/wpforms-lite\/assets\/images\/submit-spin.svg\" class=\"wpforms-submit-spinner\" style=\"display: none;\" width=\"26\" height=\"26\" alt=\"Caricamento\"><\/div><\/form><\/div>  <!-- .wpforms-container --><\/p>\n<p><\/p>","protected":false},"excerpt":{"rendered":"","protected":false},"featured_media":30499,"comment_status":"open","ping_status":"closed","template":"","meta":{"ngg_post_thumbnail":0},"product_cat":[26],"product_tag":[],"class_list":{"0":"post-30429","1":"product","2":"type-product","3":"status-publish","4":"has-post-thumbnail","6":"product_cat-senza-categoria","8":"first","9":"instock","10":"featured","11":"shipping-taxable","12":"product-type-simple"},"yoast_head":"<!-- This site is optimized with the Yoast SEO plugin v24.0 - https:\/\/yoast.com\/wordpress\/plugins\/seo\/ -->\n<title>Prenotazioni - CAM MUSEUM<\/title>\n<meta name=\"robots\" content=\"index, follow, max-snippet:-1, max-image-preview:large, max-video-preview:-1\" \/>\n<link rel=\"canonical\" href=\"https:\/\/casoriacontemporaryartmuseum.com\/it\/support-o-cam\/prenotazioni\/\" \/>\n<meta property=\"og:locale\" content=\"it_IT\" \/>\n<meta property=\"og:type\" content=\"article\" \/>\n<meta property=\"og:title\" content=\"Prenotazioni - CAM MUSEUM\" \/>\n<meta property=\"og:url\" content=\"https:\/\/casoriacontemporaryartmuseum.com\/it\/support-o-cam\/prenotazioni\/\" \/>\n<meta property=\"og:site_name\" content=\"CAM MUSEUM\" \/>\n<meta property=\"article:publisher\" content=\"https:\/\/www.facebook.com\/CAM-Casoria-Contemporary-Art-Museum-62925556301\/\" \/>\n<meta property=\"article:modified_time\" content=\"2025-03-11T15:27:33+00:00\" \/>\n<meta property=\"og:image\" content=\"https:\/\/casoriacontemporaryartmuseum.com\/wp-content\/uploads\/2025\/02\/CAM-EXIT-piccolo-fondo-nero.jpg\" \/>\n\t<meta property=\"og:image:width\" content=\"2160\" \/>\n\t<meta property=\"og:image:height\" content=\"2160\" \/>\n\t<meta property=\"og:image:type\" content=\"image\/jpeg\" \/>\n<meta name=\"twitter:card\" content=\"summary_large_image\" \/>\n<meta name=\"twitter:site\" content=\"@MuseoCAMCasoria\" \/>\n<meta name=\"twitter:label1\" content=\"Tempo di lettura stimato\" \/>\n\t<meta name=\"twitter:data1\" content=\"1 minuto\" \/>\n<script type=\"application\/ld+json\" class=\"yoast-schema-graph\">{\"@context\":\"https:\/\/schema.org\",\"@graph\":[{\"@type\":\"WebPage\",\"@id\":\"https:\/\/casoriacontemporaryartmuseum.com\/it\/support-o-cam\/prenotazioni\/\",\"url\":\"https:\/\/casoriacontemporaryartmuseum.com\/it\/support-o-cam\/prenotazioni\/\",\"name\":\"Prenotazioni - CAM MUSEUM\",\"isPartOf\":{\"@id\":\"https:\/\/casoriacontemporaryartmuseum.com\/it\/#website\"},\"primaryImageOfPage\":{\"@id\":\"https:\/\/casoriacontemporaryartmuseum.com\/it\/support-o-cam\/prenotazioni\/#primaryimage\"},\"image\":{\"@id\":\"https:\/\/casoriacontemporaryartmuseum.com\/support-o-cam\/prenotazioni\/#primaryimage\"},\"thumbnailUrl\":\"https:\/\/casoriacontemporaryartmuseum.com\/wp-content\/uploads\/2025\/02\/CAM-EXIT-piccolo-fondo-nero.jpg\",\"datePublished\":\"2025-02-17T16:13:37+00:00\",\"dateModified\":\"2025-03-11T15:27:33+00:00\",\"breadcrumb\":{\"@id\":\"https:\/\/casoriacontemporaryartmuseum.com\/it\/support-o-cam\/prenotazioni\/#breadcrumb\"},\"inLanguage\":\"it-IT\",\"potentialAction\":[{\"@type\":\"ReadAction\",\"target\":[[\"https:\/\/casoriacontemporaryartmuseum.com\/it\/support-o-cam\/prenotazioni\/\"]]}]},{\"@type\":\"ImageObject\",\"inLanguage\":\"it-IT\",\"@id\":\"https:\/\/casoriacontemporaryartmuseum.com\/it\/support-o-cam\/prenotazioni\/#primaryimage\",\"url\":\"https:\/\/casoriacontemporaryartmuseum.com\/wp-content\/uploads\/2025\/02\/CAM-EXIT-piccolo-fondo-nero.jpg\",\"contentUrl\":\"https:\/\/casoriacontemporaryartmuseum.com\/wp-content\/uploads\/2025\/02\/CAM-EXIT-piccolo-fondo-nero.jpg\",\"width\":2160,\"height\":2160},{\"@type\":\"BreadcrumbList\",\"@id\":\"https:\/\/casoriacontemporaryartmuseum.com\/it\/support-o-cam\/prenotazioni\/#breadcrumb\",\"itemListElement\":[{\"@type\":\"ListItem\",\"position\":1,\"name\":\"Home\",\"item\":\"https:\/\/casoriacontemporaryartmuseum.com\/it\/\"},{\"@type\":\"ListItem\",\"position\":2,\"name\":\"Prenotazioni\",\"item\":\"https:\/\/casoriacontemporaryartmuseum.com\/it\/prenotazioni\/\"},{\"@type\":\"ListItem\",\"position\":3,\"name\":\"Prenotazioni\"}]},{\"@type\":\"WebSite\",\"@id\":\"https:\/\/casoriacontemporaryartmuseum.com\/it\/#website\",\"url\":\"https:\/\/casoriacontemporaryartmuseum.com\/it\/\",\"name\":\"CAM MUSEUM\",\"description\":\"CAM Contemporary Art Museum\",\"publisher\":{\"@id\":\"https:\/\/casoriacontemporaryartmuseum.com\/it\/#organization\"},\"potentialAction\":[{\"@type\":\"SearchAction\",\"target\":{\"@type\":\"EntryPoint\",\"urlTemplate\":\"https:\/\/casoriacontemporaryartmuseum.com\/it\/?s={search_term_string}\"},\"query-input\":{\"@type\":\"PropertyValueSpecification\",\"valueRequired\":true,\"valueName\":\"search_term_string\"}}],\"inLanguage\":\"it-IT\"},{\"@type\":\"Organization\",\"@id\":\"https:\/\/casoriacontemporaryartmuseum.com\/it\/#organization\",\"name\":\"Casoria contemporaryart museum\",\"url\":\"https:\/\/casoriacontemporaryartmuseum.com\/it\/\",\"logo\":{\"@type\":\"ImageObject\",\"inLanguage\":\"it-IT\",\"@id\":\"https:\/\/casoriacontemporaryartmuseum.com\/it\/#\/schema\/logo\/image\/\",\"url\":\"https:\/\/casoriacontemporaryartmuseum.com\/wp-content\/uploads\/2017\/11\/CAM-MUSEUM-logo-bassa-definizione.jpg\",\"contentUrl\":\"https:\/\/casoriacontemporaryartmuseum.com\/wp-content\/uploads\/2017\/11\/CAM-MUSEUM-logo-bassa-definizione.jpg\",\"width\":1134,\"height\":1134,\"caption\":\"Casoria contemporaryart museum\"},\"image\":{\"@id\":\"https:\/\/casoriacontemporaryartmuseum.com\/it\/#\/schema\/logo\/image\/\"},\"sameAs\":[\"https:\/\/www.facebook.com\/CAM-Casoria-Contemporary-Art-Museum-62925556301\/\",\"https:\/\/x.com\/MuseoCAMCasoria\",\"https:\/\/instagram.com\/cammuseum\"]}]}<\/script>\n<!-- \/ Yoast SEO plugin. -->","yoast_head_json":{"title":"Prenotazioni - CAM MUSEUM","robots":{"index":"index","follow":"follow","max-snippet":"max-snippet:-1","max-image-preview":"max-image-preview:large","max-video-preview":"max-video-preview:-1"},"canonical":"https:\/\/casoriacontemporaryartmuseum.com\/it\/support-o-cam\/prenotazioni\/","og_locale":"it_IT","og_type":"article","og_title":"Prenotazioni - CAM MUSEUM","og_url":"https:\/\/casoriacontemporaryartmuseum.com\/it\/support-o-cam\/prenotazioni\/","og_site_name":"CAM MUSEUM","article_publisher":"https:\/\/www.facebook.com\/CAM-Casoria-Contemporary-Art-Museum-62925556301\/","article_modified_time":"2025-03-11T15:27:33+00:00","og_image":[{"width":2160,"height":2160,"url":"https:\/\/casoriacontemporaryartmuseum.com\/wp-content\/uploads\/2025\/02\/CAM-EXIT-piccolo-fondo-nero.jpg","type":"image\/jpeg"}],"twitter_card":"summary_large_image","twitter_site":"@MuseoCAMCasoria","twitter_misc":{"Tempo di lettura stimato":"1 minuto"},"schema":{"@context":"https:\/\/schema.org","@graph":[{"@type":"WebPage","@id":"https:\/\/casoriacontemporaryartmuseum.com\/it\/support-o-cam\/prenotazioni\/","url":"https:\/\/casoriacontemporaryartmuseum.com\/it\/support-o-cam\/prenotazioni\/","name":"Prenotazioni - CAM MUSEUM","isPartOf":{"@id":"https:\/\/casoriacontemporaryartmuseum.com\/it\/#website"},"primaryImageOfPage":{"@id":"https:\/\/casoriacontemporaryartmuseum.com\/it\/support-o-cam\/prenotazioni\/#primaryimage"},"image":{"@id":"https:\/\/casoriacontemporaryartmuseum.com\/support-o-cam\/prenotazioni\/#primaryimage"},"thumbnailUrl":"https:\/\/casoriacontemporaryartmuseum.com\/wp-content\/uploads\/2025\/02\/CAM-EXIT-piccolo-fondo-nero.jpg","datePublished":"2025-02-17T16:13:37+00:00","dateModified":"2025-03-11T15:27:33+00:00","breadcrumb":{"@id":"https:\/\/casoriacontemporaryartmuseum.com\/it\/support-o-cam\/prenotazioni\/#breadcrumb"},"inLanguage":"it-IT","potentialAction":[{"@type":"ReadAction","target":[["https:\/\/casoriacontemporaryartmuseum.com\/it\/support-o-cam\/prenotazioni\/"]]}]},{"@type":"ImageObject","inLanguage":"it-IT","@id":"https:\/\/casoriacontemporaryartmuseum.com\/it\/support-o-cam\/prenotazioni\/#primaryimage","url":"https:\/\/casoriacontemporaryartmuseum.com\/wp-content\/uploads\/2025\/02\/CAM-EXIT-piccolo-fondo-nero.jpg","contentUrl":"https:\/\/casoriacontemporaryartmuseum.com\/wp-content\/uploads\/2025\/02\/CAM-EXIT-piccolo-fondo-nero.jpg","width":2160,"height":2160},{"@type":"BreadcrumbList","@id":"https:\/\/casoriacontemporaryartmuseum.com\/it\/support-o-cam\/prenotazioni\/#breadcrumb","itemListElement":[{"@type":"ListItem","position":1,"name":"Home","item":"https:\/\/casoriacontemporaryartmuseum.com\/it\/"},{"@type":"ListItem","position":2,"name":"Prenotazioni","item":"https:\/\/casoriacontemporaryartmuseum.com\/it\/prenotazioni\/"},{"@type":"ListItem","position":3,"name":"Prenotazioni"}]},{"@type":"WebSite","@id":"https:\/\/casoriacontemporaryartmuseum.com\/it\/#website","url":"https:\/\/casoriacontemporaryartmuseum.com\/it\/","name":"CAM MUSEUM","description":"CAM Contemporary Art Museum","publisher":{"@id":"https:\/\/casoriacontemporaryartmuseum.com\/it\/#organization"},"potentialAction":[{"@type":"SearchAction","target":{"@type":"EntryPoint","urlTemplate":"https:\/\/casoriacontemporaryartmuseum.com\/it\/?s={search_term_string}"},"query-input":{"@type":"PropertyValueSpecification","valueRequired":true,"valueName":"search_term_string"}}],"inLanguage":"it-IT"},{"@type":"Organization","@id":"https:\/\/casoriacontemporaryartmuseum.com\/it\/#organization","name":"Casoria contemporaryart museum","url":"https:\/\/casoriacontemporaryartmuseum.com\/it\/","logo":{"@type":"ImageObject","inLanguage":"it-IT","@id":"https:\/\/casoriacontemporaryartmuseum.com\/it\/#\/schema\/logo\/image\/","url":"https:\/\/casoriacontemporaryartmuseum.com\/wp-content\/uploads\/2017\/11\/CAM-MUSEUM-logo-bassa-definizione.jpg","contentUrl":"https:\/\/casoriacontemporaryartmuseum.com\/wp-content\/uploads\/2017\/11\/CAM-MUSEUM-logo-bassa-definizione.jpg","width":1134,"height":1134,"caption":"Casoria contemporaryart museum"},"image":{"@id":"https:\/\/casoriacontemporaryartmuseum.com\/it\/#\/schema\/logo\/image\/"},"sameAs":["https:\/\/www.facebook.com\/CAM-Casoria-Contemporary-Art-Museum-62925556301\/","https:\/\/x.com\/MuseoCAMCasoria","https:\/\/instagram.com\/cammuseum"]}]}},"_links":{"self":[{"href":"https:\/\/casoriacontemporaryartmuseum.com\/it\/wp-json\/wp\/v2\/product\/30429"}],"collection":[{"href":"https:\/\/casoriacontemporaryartmuseum.com\/it\/wp-json\/wp\/v2\/product"}],"about":[{"href":"https:\/\/casoriacontemporaryartmuseum.com\/it\/wp-json\/wp\/v2\/types\/product"}],"replies":[{"embeddable":true,"href":"https:\/\/casoriacontemporaryartmuseum.com\/it\/wp-json\/wp\/v2\/comments?post=30429"}],"wp:featuredmedia":[{"embeddable":true,"href":"https:\/\/casoriacontemporaryartmuseum.com\/it\/wp-json\/wp\/v2\/media\/30499"}],"wp:attachment":[{"href":"https:\/\/casoriacontemporaryartmuseum.com\/it\/wp-json\/wp\/v2\/media?parent=30429"}],"wp:term":[{"taxonomy":"product_cat","embeddable":true,"href":"https:\/\/casoriacontemporaryartmuseum.com\/it\/wp-json\/wp\/v2\/product_cat?post=30429"},{"taxonomy":"product_tag","embeddable":true,"href":"https:\/\/casoriacontemporaryartmuseum.com\/it\/wp-json\/wp\/v2\/product_tag?post=30429"}],"curies":[{"name":"wp","href":"https:\/\/api.w.org\/{rel}","templated":true}]}}