{"id":28263,"date":"2019-10-09T08:03:42","date_gmt":"2019-10-09T08:03:42","guid":{"rendered":"https:\/\/www.casoriacontemporaryartmuseum.com\/?page_id=28263"},"modified":"2019-10-22T09:58:02","modified_gmt":"2019-10-22T09:58:02","slug":"virtualcam","status":"publish","type":"page","link":"https:\/\/casoriacontemporaryartmuseum.com\/it\/virtualcam\/","title":{"rendered":"VirtualCAM"},"content":{"rendered":"<p><strong><img loading=\"lazy\" decoding=\"async\" class=\"alignnone size-full wp-image-28280\" src=\"https:\/\/www.casoriacontemporaryartmuseum.com\/wp-content\/uploads\/2019\/10\/Fabulae-n.0.jpg\" alt=\"\" width=\"683\" height=\"87\" srcset=\"https:\/\/casoriacontemporaryartmuseum.com\/wp-content\/uploads\/2019\/10\/Fabulae-n.0.jpg 683w, https:\/\/casoriacontemporaryartmuseum.com\/wp-content\/uploads\/2019\/10\/Fabulae-n.0-400x51.jpg 400w, https:\/\/casoriacontemporaryartmuseum.com\/wp-content\/uploads\/2019\/10\/Fabulae-n.0-300x38.jpg 300w\" sizes=\"(max-width: 683px) 85vw, 683px\" \/><\/strong><\/p>\n<p><strong>Fabulae n.0<\/strong> nasce da un progetto di tesi in design e comunicazione dell&#8217;Universit\u00e0 Luigi Vanvitelli di Aversa ideato e sviluppato da Federica Manfredi e Alessia Farina in collaborazione con la professoressa e relatrice Sabina Martusciello. L&#8217;dea \u00e8 la progettazione di una nuova visitor experience attraverso l\u2019utilizzo delle tecnologie di Realt\u00e0 Virtuale, necessarie per la comprensione delle opere di arte contemporanea, dove alla normale realt\u00e0 percepita attraverso i sensi dell\u2019utente, vengono sovrapposte informazioni artificiali e virtuali. La fusione tra arte e design avviene grazie al legame di due dei rami che lo riguardano, light design e sound design. La progettazione illuminotecnica, ossia il processo di ideazione di sistemi di illuminazione e la progettazione dei suoni mediante la creazione di tracce sonore e musicali, personalizzate per ogni esperienza da Luigi Castiello.<br \/>\nQuesto, prende in analisi opere di artisti internazionali, facenti parte della collezione permanente del CAM con capacit\u00e0 espressive, non verbali, trasparenti. In un periodo di quarta rivoluzione industriale, dove vediamo le tecnologie prendere parte alle attivit\u00e0 pi\u00f9 comuni, si \u00e8 posta in essere l\u2019esigenza di affiancare i metodi pi\u00f9 innovativi per l\u2019attuazione di Fabulae n.0 tramite l&#8217;utilizzo di un software utili alla progettazione di ambienti in realt\u00e0 virtuale.Il fine ultimo sar\u00e0 quello di proporre il progetto a qualsiasi struttura espositiva di arte contemporanea, permettendo lo sviluppo di nuove forme di comunicazione ed interazione con gli utenti.<br \/>\n<iframe loading=\"lazy\" width=\"560\" height=\"315\" src=\"https:\/\/www.youtube.com\/embed\/GzO5-w9-jZQ\" frameborder=\"0\" allow=\"accelerometer; autoplay; encrypted-media; gyroscope; picture-in-picture\" allowfullscreen><\/iframe><\/p>\n","protected":false},"excerpt":{"rendered":"<p>Fabulae n.0 nasce da un progetto di tesi in design e comunicazione dell&#8217;Universit\u00e0 Luigi Vanvitelli di Aversa ideato e sviluppato da Federica Manfredi e Alessia Farina in collaborazione con la professoressa e relatrice Sabina Martusciello. L&#8217;dea \u00e8 la progettazione di una nuova visitor experience attraverso l\u2019utilizzo delle tecnologie di Realt\u00e0 Virtuale, necessarie per la comprensione &hellip; <a href=\"https:\/\/casoriacontemporaryartmuseum.com\/it\/virtualcam\/\" class=\"more-link\">Leggi tutto<span class=\"screen-reader-text\"> &#8220;VirtualCAM&#8221;<\/span><\/a><\/p>\n","protected":false},"author":2,"featured_media":0,"parent":0,"menu_order":0,"comment_status":"closed","ping_status":"closed","template":"","meta":{"ngg_post_thumbnail":0,"footnotes":""},"class_list":["post-28263","page","type-page","status-publish","hentry"],"yoast_head":"<!-- This site is optimized with the Yoast SEO plugin v24.0 - https:\/\/yoast.com\/wordpress\/plugins\/seo\/ -->\n<title>VirtualCAM - CAM MUSEUM<\/title>\n<meta name=\"robots\" content=\"index, follow, max-snippet:-1, max-image-preview:large, max-video-preview:-1\" \/>\n<link rel=\"canonical\" href=\"https:\/\/casoriacontemporaryartmuseum.com\/it\/virtualcam\/\" \/>\n<meta property=\"og:locale\" content=\"it_IT\" \/>\n<meta property=\"og:type\" content=\"article\" \/>\n<meta property=\"og:title\" content=\"VirtualCAM - CAM MUSEUM\" \/>\n<meta property=\"og:description\" content=\"Fabulae n.0 nasce da un progetto di tesi in design e comunicazione dell&#8217;Universit\u00e0 Luigi Vanvitelli di Aversa ideato e sviluppato da Federica Manfredi e Alessia Farina in collaborazione con la professoressa e relatrice Sabina Martusciello. L&#8217;dea \u00e8 la progettazione di una nuova visitor experience attraverso l\u2019utilizzo delle tecnologie di Realt\u00e0 Virtuale, necessarie per la comprensione &hellip; Leggi tutto &quot;VirtualCAM&quot;\" \/>\n<meta property=\"og:url\" content=\"https:\/\/casoriacontemporaryartmuseum.com\/it\/virtualcam\/\" \/>\n<meta property=\"og:site_name\" content=\"CAM MUSEUM\" \/>\n<meta property=\"article:publisher\" content=\"https:\/\/www.facebook.com\/CAM-Casoria-Contemporary-Art-Museum-62925556301\/\" \/>\n<meta property=\"article:modified_time\" content=\"2019-10-22T09:58:02+00:00\" \/>\n<meta property=\"og:image\" content=\"https:\/\/www.casoriacontemporaryartmuseum.com\/wp-content\/uploads\/2019\/10\/Fabulae-n.0.jpg\" \/>\n<meta name=\"twitter:card\" content=\"summary_large_image\" \/>\n<meta name=\"twitter:site\" content=\"@MuseoCAMCasoria\" \/>\n<meta name=\"twitter:label1\" content=\"Tempo di lettura stimato\" \/>\n\t<meta name=\"twitter:data1\" content=\"1 minuto\" \/>\n<script type=\"application\/ld+json\" class=\"yoast-schema-graph\">{\"@context\":\"https:\/\/schema.org\",\"@graph\":[{\"@type\":\"WebPage\",\"@id\":\"https:\/\/casoriacontemporaryartmuseum.com\/it\/virtualcam\/\",\"url\":\"https:\/\/casoriacontemporaryartmuseum.com\/it\/virtualcam\/\",\"name\":\"VirtualCAM - CAM MUSEUM\",\"isPartOf\":{\"@id\":\"https:\/\/casoriacontemporaryartmuseum.com\/it\/#website\"},\"primaryImageOfPage\":{\"@id\":\"https:\/\/casoriacontemporaryartmuseum.com\/it\/virtualcam\/#primaryimage\"},\"image\":{\"@id\":\"https:\/\/casoriacontemporaryartmuseum.com\/it\/virtualcam\/#primaryimage\"},\"thumbnailUrl\":\"https:\/\/www.casoriacontemporaryartmuseum.com\/wp-content\/uploads\/2019\/10\/Fabulae-n.0.jpg\",\"datePublished\":\"2019-10-09T08:03:42+00:00\",\"dateModified\":\"2019-10-22T09:58:02+00:00\",\"breadcrumb\":{\"@id\":\"https:\/\/casoriacontemporaryartmuseum.com\/it\/virtualcam\/#breadcrumb\"},\"inLanguage\":\"it-IT\",\"potentialAction\":[{\"@type\":\"ReadAction\",\"target\":[[\"https:\/\/casoriacontemporaryartmuseum.com\/it\/virtualcam\/\"]]}]},{\"@type\":\"ImageObject\",\"inLanguage\":\"it-IT\",\"@id\":\"https:\/\/casoriacontemporaryartmuseum.com\/it\/virtualcam\/#primaryimage\",\"url\":\"https:\/\/www.casoriacontemporaryartmuseum.com\/wp-content\/uploads\/2019\/10\/Fabulae-n.0.jpg\",\"contentUrl\":\"https:\/\/www.casoriacontemporaryartmuseum.com\/wp-content\/uploads\/2019\/10\/Fabulae-n.0.jpg\"},{\"@type\":\"BreadcrumbList\",\"@id\":\"https:\/\/casoriacontemporaryartmuseum.com\/it\/virtualcam\/#breadcrumb\",\"itemListElement\":[{\"@type\":\"ListItem\",\"position\":1,\"name\":\"Home\",\"item\":\"https:\/\/casoriacontemporaryartmuseum.com\/it\/\"},{\"@type\":\"ListItem\",\"position\":2,\"name\":\"VirtualCAM\"}]},{\"@type\":\"WebSite\",\"@id\":\"https:\/\/casoriacontemporaryartmuseum.com\/it\/#website\",\"url\":\"https:\/\/casoriacontemporaryartmuseum.com\/it\/\",\"name\":\"CAM MUSEUM\",\"description\":\"CAM Contemporary Art Museum\",\"publisher\":{\"@id\":\"https:\/\/casoriacontemporaryartmuseum.com\/it\/#organization\"},\"potentialAction\":[{\"@type\":\"SearchAction\",\"target\":{\"@type\":\"EntryPoint\",\"urlTemplate\":\"https:\/\/casoriacontemporaryartmuseum.com\/it\/?s={search_term_string}\"},\"query-input\":{\"@type\":\"PropertyValueSpecification\",\"valueRequired\":true,\"valueName\":\"search_term_string\"}}],\"inLanguage\":\"it-IT\"},{\"@type\":\"Organization\",\"@id\":\"https:\/\/casoriacontemporaryartmuseum.com\/it\/#organization\",\"name\":\"Casoria contemporaryart museum\",\"url\":\"https:\/\/casoriacontemporaryartmuseum.com\/it\/\",\"logo\":{\"@type\":\"ImageObject\",\"inLanguage\":\"it-IT\",\"@id\":\"https:\/\/casoriacontemporaryartmuseum.com\/it\/#\/schema\/logo\/image\/\",\"url\":\"https:\/\/casoriacontemporaryartmuseum.com\/wp-content\/uploads\/2017\/11\/CAM-MUSEUM-logo-bassa-definizione.jpg\",\"contentUrl\":\"https:\/\/casoriacontemporaryartmuseum.com\/wp-content\/uploads\/2017\/11\/CAM-MUSEUM-logo-bassa-definizione.jpg\",\"width\":1134,\"height\":1134,\"caption\":\"Casoria contemporaryart museum\"},\"image\":{\"@id\":\"https:\/\/casoriacontemporaryartmuseum.com\/it\/#\/schema\/logo\/image\/\"},\"sameAs\":[\"https:\/\/www.facebook.com\/CAM-Casoria-Contemporary-Art-Museum-62925556301\/\",\"https:\/\/x.com\/MuseoCAMCasoria\",\"https:\/\/instagram.com\/cammuseum\"]}]}<\/script>\n<!-- \/ Yoast SEO plugin. -->","yoast_head_json":{"title":"VirtualCAM - CAM MUSEUM","robots":{"index":"index","follow":"follow","max-snippet":"max-snippet:-1","max-image-preview":"max-image-preview:large","max-video-preview":"max-video-preview:-1"},"canonical":"https:\/\/casoriacontemporaryartmuseum.com\/it\/virtualcam\/","og_locale":"it_IT","og_type":"article","og_title":"VirtualCAM - CAM MUSEUM","og_description":"Fabulae n.0 nasce da un progetto di tesi in design e comunicazione dell&#8217;Universit\u00e0 Luigi Vanvitelli di Aversa ideato e sviluppato da Federica Manfredi e Alessia Farina in collaborazione con la professoressa e relatrice Sabina Martusciello. L&#8217;dea \u00e8 la progettazione di una nuova visitor experience attraverso l\u2019utilizzo delle tecnologie di Realt\u00e0 Virtuale, necessarie per la comprensione &hellip; Leggi tutto \"VirtualCAM\"","og_url":"https:\/\/casoriacontemporaryartmuseum.com\/it\/virtualcam\/","og_site_name":"CAM MUSEUM","article_publisher":"https:\/\/www.facebook.com\/CAM-Casoria-Contemporary-Art-Museum-62925556301\/","article_modified_time":"2019-10-22T09:58:02+00:00","og_image":[{"url":"https:\/\/www.casoriacontemporaryartmuseum.com\/wp-content\/uploads\/2019\/10\/Fabulae-n.0.jpg","type":"","width":"","height":""}],"twitter_card":"summary_large_image","twitter_site":"@MuseoCAMCasoria","twitter_misc":{"Tempo di lettura stimato":"1 minuto"},"schema":{"@context":"https:\/\/schema.org","@graph":[{"@type":"WebPage","@id":"https:\/\/casoriacontemporaryartmuseum.com\/it\/virtualcam\/","url":"https:\/\/casoriacontemporaryartmuseum.com\/it\/virtualcam\/","name":"VirtualCAM - CAM MUSEUM","isPartOf":{"@id":"https:\/\/casoriacontemporaryartmuseum.com\/it\/#website"},"primaryImageOfPage":{"@id":"https:\/\/casoriacontemporaryartmuseum.com\/it\/virtualcam\/#primaryimage"},"image":{"@id":"https:\/\/casoriacontemporaryartmuseum.com\/it\/virtualcam\/#primaryimage"},"thumbnailUrl":"https:\/\/www.casoriacontemporaryartmuseum.com\/wp-content\/uploads\/2019\/10\/Fabulae-n.0.jpg","datePublished":"2019-10-09T08:03:42+00:00","dateModified":"2019-10-22T09:58:02+00:00","breadcrumb":{"@id":"https:\/\/casoriacontemporaryartmuseum.com\/it\/virtualcam\/#breadcrumb"},"inLanguage":"it-IT","potentialAction":[{"@type":"ReadAction","target":[["https:\/\/casoriacontemporaryartmuseum.com\/it\/virtualcam\/"]]}]},{"@type":"ImageObject","inLanguage":"it-IT","@id":"https:\/\/casoriacontemporaryartmuseum.com\/it\/virtualcam\/#primaryimage","url":"https:\/\/www.casoriacontemporaryartmuseum.com\/wp-content\/uploads\/2019\/10\/Fabulae-n.0.jpg","contentUrl":"https:\/\/www.casoriacontemporaryartmuseum.com\/wp-content\/uploads\/2019\/10\/Fabulae-n.0.jpg"},{"@type":"BreadcrumbList","@id":"https:\/\/casoriacontemporaryartmuseum.com\/it\/virtualcam\/#breadcrumb","itemListElement":[{"@type":"ListItem","position":1,"name":"Home","item":"https:\/\/casoriacontemporaryartmuseum.com\/it\/"},{"@type":"ListItem","position":2,"name":"VirtualCAM"}]},{"@type":"WebSite","@id":"https:\/\/casoriacontemporaryartmuseum.com\/it\/#website","url":"https:\/\/casoriacontemporaryartmuseum.com\/it\/","name":"CAM MUSEUM","description":"CAM Contemporary Art Museum","publisher":{"@id":"https:\/\/casoriacontemporaryartmuseum.com\/it\/#organization"},"potentialAction":[{"@type":"SearchAction","target":{"@type":"EntryPoint","urlTemplate":"https:\/\/casoriacontemporaryartmuseum.com\/it\/?s={search_term_string}"},"query-input":{"@type":"PropertyValueSpecification","valueRequired":true,"valueName":"search_term_string"}}],"inLanguage":"it-IT"},{"@type":"Organization","@id":"https:\/\/casoriacontemporaryartmuseum.com\/it\/#organization","name":"Casoria contemporaryart museum","url":"https:\/\/casoriacontemporaryartmuseum.com\/it\/","logo":{"@type":"ImageObject","inLanguage":"it-IT","@id":"https:\/\/casoriacontemporaryartmuseum.com\/it\/#\/schema\/logo\/image\/","url":"https:\/\/casoriacontemporaryartmuseum.com\/wp-content\/uploads\/2017\/11\/CAM-MUSEUM-logo-bassa-definizione.jpg","contentUrl":"https:\/\/casoriacontemporaryartmuseum.com\/wp-content\/uploads\/2017\/11\/CAM-MUSEUM-logo-bassa-definizione.jpg","width":1134,"height":1134,"caption":"Casoria contemporaryart museum"},"image":{"@id":"https:\/\/casoriacontemporaryartmuseum.com\/it\/#\/schema\/logo\/image\/"},"sameAs":["https:\/\/www.facebook.com\/CAM-Casoria-Contemporary-Art-Museum-62925556301\/","https:\/\/x.com\/MuseoCAMCasoria","https:\/\/instagram.com\/cammuseum"]}]}},"_links":{"self":[{"href":"https:\/\/casoriacontemporaryartmuseum.com\/it\/wp-json\/wp\/v2\/pages\/28263"}],"collection":[{"href":"https:\/\/casoriacontemporaryartmuseum.com\/it\/wp-json\/wp\/v2\/pages"}],"about":[{"href":"https:\/\/casoriacontemporaryartmuseum.com\/it\/wp-json\/wp\/v2\/types\/page"}],"author":[{"embeddable":true,"href":"https:\/\/casoriacontemporaryartmuseum.com\/it\/wp-json\/wp\/v2\/users\/2"}],"replies":[{"embeddable":true,"href":"https:\/\/casoriacontemporaryartmuseum.com\/it\/wp-json\/wp\/v2\/comments?post=28263"}],"version-history":[{"count":0,"href":"https:\/\/casoriacontemporaryartmuseum.com\/it\/wp-json\/wp\/v2\/pages\/28263\/revisions"}],"wp:attachment":[{"href":"https:\/\/casoriacontemporaryartmuseum.com\/it\/wp-json\/wp\/v2\/media?parent=28263"}],"curies":[{"name":"wp","href":"https:\/\/api.w.org\/{rel}","templated":true}]}}