{"id":22470,"date":"2017-01-12T16:21:42","date_gmt":"2017-01-12T16:21:42","guid":{"rendered":"http:\/\/www.casoriacontemporaryartmuseum.com\/?page_id=22470"},"modified":"2020-05-03T13:41:30","modified_gmt":"2020-05-03T13:41:30","slug":"sistema-cam","status":"publish","type":"page","link":"https:\/\/casoriacontemporaryartmuseum.com\/it\/sistema-cam\/","title":{"rendered":"Sistema CAM"},"content":{"rendered":"<p><strong><a href=\"https:\/\/www.casoriacontemporaryartmuseum.com\/wp-content\/uploads\/2017\/01\/SISTEMA-MUSEI-CAM-ITA1.pdf\">SISTEMA CAM<br \/>\n<span style=\"color: #0000ff;\">Scarica PDF Analisi SWOT<\/span><\/a><\/strong><\/p>\n<p><span style=\"color: #0000ff;\"><strong><a style=\"color: #0000ff;\" href=\"https:\/\/www.casoriacontemporaryartmuseum.com\/wp-content\/uploads\/2017\/01\/LISTA-OPERE.pdf\">LISTA OPERE MUSEO CAM<\/a><\/strong><\/span><br \/>\n&nbsp;<br \/>\nIl <strong>SISTEMA CAM<\/strong> \u00e8 un nuovo ma consolidato sistema per l\u2019arte ed il turismo. E\u2019 un sistema per la creazione, organizzazione e gestione di nuovi musei di arte contemporanea a basso costo e ad alto rendimento culturale, turistico, sociale e mediatico in piccole, medie e grandi citt\u00e0.<\/p>\n<p>L&#8217;<strong>idea-progetto <\/strong>del SISTEMA CAM consiste nella realizzazione di un nuovo Museo di arte contemporanea nelle Citt\u00e0 utilizzando la grande collezione del Museo CAM e nella conseguente creazione (in un breve periodo di tempo), di una importante collezione di arte contemporanea.<\/p>\n<p>La <strong>mission<\/strong> del nuovo SISTEMA CAM nella Vs Citt\u00e0 prevede la promozione dell&#8217;arte contemporanea, la corretta fruizione del patrimonio artistico e culturale a tutti i livelli di utenza, la ricerca storico-artistica e l\u2019approfondimento dei temi tecnico-scientifici del settore.<\/p>\n<p>La <strong>vision <\/strong>del SISTEMA CAM&nbsp;si propone la creazione di un polo riconosciuto a livello locale, nazionale ed internazionale che faccia da catalizzatore di un&#8217;offerta culturale aggiornata e sperimentale e che sia un laboratorio dove le arti possano incontrarsi, comunicare, interagire e contaminarsi.<\/p>\n<p><strong>Un Nuovo Museo nella tua Citt\u00e0<br \/>\n<\/strong>La realizzazione del SISTEMA CAM nella Vs Citt\u00e0 apporterebbe un elemento di novit\u00e0 e di conferma nella gi\u00e0 variegata offerta turistico-culturale della citt\u00e0, inserendosi nel circuito del rinnovamento urbanistico volto al contemporaneo, innescando un conseguente apporto di valore aggiunto. In tal modo si assisterebbe ad un&nbsp; aumento dell\u2019incoming grazie a nuovi flussi turistici di qualit\u00e0, attratti da tali forme di turismo culturale.<\/p>\n<p>L\u2019analisi territoriale potrebbe identificare una <strong>location<\/strong> non necessariamente di grandi dimensioni e non necessariamente nel centro cittadino<strong>,<\/strong> che rispondesse alle esigenze dell\u2019ubicazione della futura collezione.<\/p>\n<p>La realizzazione di tale operazione comporterebbe non solo l\u2019<strong>acquisizione di una collezione <\/strong>internazionale di opere d\u2019arte contemporanea in un breve periodo di tempo ma anche di un <strong><em>know how <\/em>comprovato<\/strong> e di successo, di una <strong>rete di comunicazione<\/strong> ormai stabile con circa 30.000 contatti Mail list, 10.000 in Facebook e Twitter e di un <strong><em>brand<\/em> gi\u00e0 affermato a livello nazionale ed internazionale<\/strong>.<\/p>\n<p>La citt\u00e0 si vedrebbe munita di un museo di arte contemporanea <strong>low cost<\/strong> con una collezione unica nel suo genere, gestito attraverso una visione europea e moderna degli spazi museali, e concepito come un grande attrattore turistico e culturale che programmi eventi durante tutto l\u2019anno. Le attivit\u00e0 svolte dal CAM saranno rivolte sia al mercato esterno che interno alla citt\u00e0. Convegni, laboratori, workshop o simposi con artisti internazionali, coinvolgeranno gli spazi pubblici e la cittadinanza interessata a nuove forme di espressione compartecipata.<\/p>\n<p><strong>Un Sistema dinamico e low cost<br \/>\n<\/strong>Il <strong>SISTEMA CAM<\/strong>, oltre ad offrire importanti sviluppi d&#8217;immagine, turistici, socio-culturali, economici e commerciali, da alle Amministrazioni pubbliche o private la possibilit\u00e0 di:<\/p>\n<ul>\n<li>usufruire del Brand affermato a livello nazionale ed internazionale del CAM Museum;<\/li>\n<li>ricevere immediatamente 100 opere di arte contemporanea internazionali (tra pittura, scultura, fotografia, installazioni e video arte per un valore di circa un milione di euro) in comodato d\u2019uso gratuito;<\/li>\n<li>creare una collezione permanente con l\u2019acquisizione diretta da parte delle Amministrazioni di almeno 100 opere d\u2019arte nel quinquennio di gestione;<\/li>\n<li>realizzare un Museo di Arte Contemporanea anche in uno spazio pubblico di non grandi dimensioni (300\/500 mq) e pertanto senza grandi costi di manutenzione ordinaria e straordinaria;<\/li>\n<li>avere la possibilit\u00e0 di usufruire delle mostre gi\u00e0 realizzate negli altri spazi museali organizzati secondo il Sistema CAM, con un sensibile risparmio economico;<\/li>\n<li>una gestione dinamica e low cost di un Museo di Arte Contemporanea;<\/li>\n<li>poter usufruire dei finanziamenti regionali, provinciali ed europei;<\/li>\n<li>dare la possibilit\u00e0 ai giovani artisti del territorio, attraverso un concorso annuale appositamente organizzato, di esporre in un importante museo di arte contemporanea della propria citt\u00e0;<\/li>\n<li>utilizzo di risorse umane individuate tra il personale comunale, o con la creazione di posti di lavoro specifici, e la partecipazione di tirocinanti e stagisti (addetti alla segreteria, biglietteria, sorveglianza, ecc)<\/li>\n<\/ul>\n<p><strong>INFO CAM<\/strong> Museum: artmanfredi@hotmail.com Tel\/Fax: +39 0817576167 Mobil: +39 3332972239 &nbsp;<\/p>","protected":false},"excerpt":{"rendered":"<p>SISTEMA CAM Scarica PDF Analisi SWOT LISTA OPERE MUSEO CAM &nbsp; Il SISTEMA CAM \u00e8 un nuovo ma consolidato sistema per l\u2019arte ed il turismo. E\u2019 un sistema per la creazione, organizzazione e gestione di nuovi musei di arte contemporanea a basso costo e ad alto rendimento culturale, turistico, sociale e mediatico in piccole, medie &hellip; <a href=\"https:\/\/casoriacontemporaryartmuseum.com\/it\/sistema-cam\/\" class=\"more-link\">Leggi tutto<span class=\"screen-reader-text\"> &#8220;Sistema CAM&#8221;<\/span><\/a><\/p>\n","protected":false},"author":2,"featured_media":27667,"parent":0,"menu_order":0,"comment_status":"closed","ping_status":"closed","template":"","meta":{"ngg_post_thumbnail":0,"footnotes":""},"class_list":["post-22470","page","type-page","status-publish","has-post-thumbnail","hentry"],"yoast_head":"<!-- This site is optimized with the Yoast SEO plugin v24.0 - https:\/\/yoast.com\/wordpress\/plugins\/seo\/ -->\n<title>Sistema CAM - CAM MUSEUM<\/title>\n<meta name=\"robots\" content=\"index, follow, max-snippet:-1, max-image-preview:large, max-video-preview:-1\" \/>\n<link rel=\"canonical\" href=\"https:\/\/casoriacontemporaryartmuseum.com\/it\/sistema-cam\/\" \/>\n<meta property=\"og:locale\" content=\"it_IT\" \/>\n<meta property=\"og:type\" content=\"article\" \/>\n<meta property=\"og:title\" content=\"Sistema CAM - CAM MUSEUM\" \/>\n<meta property=\"og:description\" content=\"SISTEMA CAM Scarica PDF Analisi SWOT LISTA OPERE MUSEO CAM &nbsp; Il SISTEMA CAM \u00e8 un nuovo ma consolidato sistema per l\u2019arte ed il turismo. E\u2019 un sistema per la creazione, organizzazione e gestione di nuovi musei di arte contemporanea a basso costo e ad alto rendimento culturale, turistico, sociale e mediatico in piccole, medie &hellip; Leggi tutto &quot;Sistema CAM&quot;\" \/>\n<meta property=\"og:url\" content=\"https:\/\/casoriacontemporaryartmuseum.com\/it\/sistema-cam\/\" \/>\n<meta property=\"og:site_name\" content=\"CAM MUSEUM\" \/>\n<meta property=\"article:publisher\" content=\"https:\/\/www.facebook.com\/CAM-Casoria-Contemporary-Art-Museum-62925556301\/\" \/>\n<meta property=\"article:modified_time\" content=\"2020-05-03T13:41:30+00:00\" \/>\n<meta property=\"og:image\" content=\"https:\/\/casoriacontemporaryartmuseum.com\/wp-content\/uploads\/2018\/08\/Sistema-CAM-Italiano.jpg\" \/>\n\t<meta property=\"og:image:width\" content=\"1270\" \/>\n\t<meta property=\"og:image:height\" content=\"879\" \/>\n\t<meta property=\"og:image:type\" content=\"image\/jpeg\" \/>\n<meta name=\"twitter:card\" content=\"summary_large_image\" \/>\n<meta name=\"twitter:site\" content=\"@MuseoCAMCasoria\" \/>\n<meta name=\"twitter:label1\" content=\"Tempo di lettura stimato\" \/>\n\t<meta name=\"twitter:data1\" content=\"4 minuti\" \/>\n<script type=\"application\/ld+json\" class=\"yoast-schema-graph\">{\"@context\":\"https:\/\/schema.org\",\"@graph\":[{\"@type\":\"WebPage\",\"@id\":\"https:\/\/casoriacontemporaryartmuseum.com\/it\/sistema-cam\/\",\"url\":\"https:\/\/casoriacontemporaryartmuseum.com\/it\/sistema-cam\/\",\"name\":\"Sistema CAM - CAM MUSEUM\",\"isPartOf\":{\"@id\":\"https:\/\/casoriacontemporaryartmuseum.com\/it\/#website\"},\"primaryImageOfPage\":{\"@id\":\"https:\/\/casoriacontemporaryartmuseum.com\/it\/sistema-cam\/#primaryimage\"},\"image\":{\"@id\":\"https:\/\/casoriacontemporaryartmuseum.com\/it\/sistema-cam\/#primaryimage\"},\"thumbnailUrl\":\"https:\/\/casoriacontemporaryartmuseum.com\/wp-content\/uploads\/2018\/08\/Sistema-CAM-Italiano.jpg\",\"datePublished\":\"2017-01-12T16:21:42+00:00\",\"dateModified\":\"2020-05-03T13:41:30+00:00\",\"breadcrumb\":{\"@id\":\"https:\/\/casoriacontemporaryartmuseum.com\/it\/sistema-cam\/#breadcrumb\"},\"inLanguage\":\"it-IT\",\"potentialAction\":[{\"@type\":\"ReadAction\",\"target\":[[\"https:\/\/casoriacontemporaryartmuseum.com\/it\/sistema-cam\/\"]]}]},{\"@type\":\"ImageObject\",\"inLanguage\":\"it-IT\",\"@id\":\"https:\/\/casoriacontemporaryartmuseum.com\/it\/sistema-cam\/#primaryimage\",\"url\":\"https:\/\/casoriacontemporaryartmuseum.com\/wp-content\/uploads\/2018\/08\/Sistema-CAM-Italiano.jpg\",\"contentUrl\":\"https:\/\/casoriacontemporaryartmuseum.com\/wp-content\/uploads\/2018\/08\/Sistema-CAM-Italiano.jpg\",\"width\":1270,\"height\":879},{\"@type\":\"BreadcrumbList\",\"@id\":\"https:\/\/casoriacontemporaryartmuseum.com\/it\/sistema-cam\/#breadcrumb\",\"itemListElement\":[{\"@type\":\"ListItem\",\"position\":1,\"name\":\"Home\",\"item\":\"https:\/\/casoriacontemporaryartmuseum.com\/it\/\"},{\"@type\":\"ListItem\",\"position\":2,\"name\":\"Sistema CAM\"}]},{\"@type\":\"WebSite\",\"@id\":\"https:\/\/casoriacontemporaryartmuseum.com\/it\/#website\",\"url\":\"https:\/\/casoriacontemporaryartmuseum.com\/it\/\",\"name\":\"CAM MUSEUM\",\"description\":\"CAM Contemporary Art Museum\",\"publisher\":{\"@id\":\"https:\/\/casoriacontemporaryartmuseum.com\/it\/#organization\"},\"potentialAction\":[{\"@type\":\"SearchAction\",\"target\":{\"@type\":\"EntryPoint\",\"urlTemplate\":\"https:\/\/casoriacontemporaryartmuseum.com\/it\/?s={search_term_string}\"},\"query-input\":{\"@type\":\"PropertyValueSpecification\",\"valueRequired\":true,\"valueName\":\"search_term_string\"}}],\"inLanguage\":\"it-IT\"},{\"@type\":\"Organization\",\"@id\":\"https:\/\/casoriacontemporaryartmuseum.com\/it\/#organization\",\"name\":\"Casoria contemporaryart museum\",\"url\":\"https:\/\/casoriacontemporaryartmuseum.com\/it\/\",\"logo\":{\"@type\":\"ImageObject\",\"inLanguage\":\"it-IT\",\"@id\":\"https:\/\/casoriacontemporaryartmuseum.com\/it\/#\/schema\/logo\/image\/\",\"url\":\"https:\/\/casoriacontemporaryartmuseum.com\/wp-content\/uploads\/2017\/11\/CAM-MUSEUM-logo-bassa-definizione.jpg\",\"contentUrl\":\"https:\/\/casoriacontemporaryartmuseum.com\/wp-content\/uploads\/2017\/11\/CAM-MUSEUM-logo-bassa-definizione.jpg\",\"width\":1134,\"height\":1134,\"caption\":\"Casoria contemporaryart museum\"},\"image\":{\"@id\":\"https:\/\/casoriacontemporaryartmuseum.com\/it\/#\/schema\/logo\/image\/\"},\"sameAs\":[\"https:\/\/www.facebook.com\/CAM-Casoria-Contemporary-Art-Museum-62925556301\/\",\"https:\/\/x.com\/MuseoCAMCasoria\",\"https:\/\/instagram.com\/cammuseum\"]}]}<\/script>\n<!-- \/ Yoast SEO plugin. -->","yoast_head_json":{"title":"Sistema CAM - CAM MUSEUM","robots":{"index":"index","follow":"follow","max-snippet":"max-snippet:-1","max-image-preview":"max-image-preview:large","max-video-preview":"max-video-preview:-1"},"canonical":"https:\/\/casoriacontemporaryartmuseum.com\/it\/sistema-cam\/","og_locale":"it_IT","og_type":"article","og_title":"Sistema CAM - CAM MUSEUM","og_description":"SISTEMA CAM Scarica PDF Analisi SWOT LISTA OPERE MUSEO CAM &nbsp; Il SISTEMA CAM \u00e8 un nuovo ma consolidato sistema per l\u2019arte ed il turismo. E\u2019 un sistema per la creazione, organizzazione e gestione di nuovi musei di arte contemporanea a basso costo e ad alto rendimento culturale, turistico, sociale e mediatico in piccole, medie &hellip; Leggi tutto \"Sistema CAM\"","og_url":"https:\/\/casoriacontemporaryartmuseum.com\/it\/sistema-cam\/","og_site_name":"CAM MUSEUM","article_publisher":"https:\/\/www.facebook.com\/CAM-Casoria-Contemporary-Art-Museum-62925556301\/","article_modified_time":"2020-05-03T13:41:30+00:00","og_image":[{"width":1270,"height":879,"url":"https:\/\/casoriacontemporaryartmuseum.com\/wp-content\/uploads\/2018\/08\/Sistema-CAM-Italiano.jpg","type":"image\/jpeg"}],"twitter_card":"summary_large_image","twitter_site":"@MuseoCAMCasoria","twitter_misc":{"Tempo di lettura stimato":"4 minuti"},"schema":{"@context":"https:\/\/schema.org","@graph":[{"@type":"WebPage","@id":"https:\/\/casoriacontemporaryartmuseum.com\/it\/sistema-cam\/","url":"https:\/\/casoriacontemporaryartmuseum.com\/it\/sistema-cam\/","name":"Sistema CAM - CAM MUSEUM","isPartOf":{"@id":"https:\/\/casoriacontemporaryartmuseum.com\/it\/#website"},"primaryImageOfPage":{"@id":"https:\/\/casoriacontemporaryartmuseum.com\/it\/sistema-cam\/#primaryimage"},"image":{"@id":"https:\/\/casoriacontemporaryartmuseum.com\/it\/sistema-cam\/#primaryimage"},"thumbnailUrl":"https:\/\/casoriacontemporaryartmuseum.com\/wp-content\/uploads\/2018\/08\/Sistema-CAM-Italiano.jpg","datePublished":"2017-01-12T16:21:42+00:00","dateModified":"2020-05-03T13:41:30+00:00","breadcrumb":{"@id":"https:\/\/casoriacontemporaryartmuseum.com\/it\/sistema-cam\/#breadcrumb"},"inLanguage":"it-IT","potentialAction":[{"@type":"ReadAction","target":[["https:\/\/casoriacontemporaryartmuseum.com\/it\/sistema-cam\/"]]}]},{"@type":"ImageObject","inLanguage":"it-IT","@id":"https:\/\/casoriacontemporaryartmuseum.com\/it\/sistema-cam\/#primaryimage","url":"https:\/\/casoriacontemporaryartmuseum.com\/wp-content\/uploads\/2018\/08\/Sistema-CAM-Italiano.jpg","contentUrl":"https:\/\/casoriacontemporaryartmuseum.com\/wp-content\/uploads\/2018\/08\/Sistema-CAM-Italiano.jpg","width":1270,"height":879},{"@type":"BreadcrumbList","@id":"https:\/\/casoriacontemporaryartmuseum.com\/it\/sistema-cam\/#breadcrumb","itemListElement":[{"@type":"ListItem","position":1,"name":"Home","item":"https:\/\/casoriacontemporaryartmuseum.com\/it\/"},{"@type":"ListItem","position":2,"name":"Sistema CAM"}]},{"@type":"WebSite","@id":"https:\/\/casoriacontemporaryartmuseum.com\/it\/#website","url":"https:\/\/casoriacontemporaryartmuseum.com\/it\/","name":"CAM MUSEUM","description":"CAM Contemporary Art Museum","publisher":{"@id":"https:\/\/casoriacontemporaryartmuseum.com\/it\/#organization"},"potentialAction":[{"@type":"SearchAction","target":{"@type":"EntryPoint","urlTemplate":"https:\/\/casoriacontemporaryartmuseum.com\/it\/?s={search_term_string}"},"query-input":{"@type":"PropertyValueSpecification","valueRequired":true,"valueName":"search_term_string"}}],"inLanguage":"it-IT"},{"@type":"Organization","@id":"https:\/\/casoriacontemporaryartmuseum.com\/it\/#organization","name":"Casoria contemporaryart museum","url":"https:\/\/casoriacontemporaryartmuseum.com\/it\/","logo":{"@type":"ImageObject","inLanguage":"it-IT","@id":"https:\/\/casoriacontemporaryartmuseum.com\/it\/#\/schema\/logo\/image\/","url":"https:\/\/casoriacontemporaryartmuseum.com\/wp-content\/uploads\/2017\/11\/CAM-MUSEUM-logo-bassa-definizione.jpg","contentUrl":"https:\/\/casoriacontemporaryartmuseum.com\/wp-content\/uploads\/2017\/11\/CAM-MUSEUM-logo-bassa-definizione.jpg","width":1134,"height":1134,"caption":"Casoria contemporaryart museum"},"image":{"@id":"https:\/\/casoriacontemporaryartmuseum.com\/it\/#\/schema\/logo\/image\/"},"sameAs":["https:\/\/www.facebook.com\/CAM-Casoria-Contemporary-Art-Museum-62925556301\/","https:\/\/x.com\/MuseoCAMCasoria","https:\/\/instagram.com\/cammuseum"]}]}},"_links":{"self":[{"href":"https:\/\/casoriacontemporaryartmuseum.com\/it\/wp-json\/wp\/v2\/pages\/22470"}],"collection":[{"href":"https:\/\/casoriacontemporaryartmuseum.com\/it\/wp-json\/wp\/v2\/pages"}],"about":[{"href":"https:\/\/casoriacontemporaryartmuseum.com\/it\/wp-json\/wp\/v2\/types\/page"}],"author":[{"embeddable":true,"href":"https:\/\/casoriacontemporaryartmuseum.com\/it\/wp-json\/wp\/v2\/users\/2"}],"replies":[{"embeddable":true,"href":"https:\/\/casoriacontemporaryartmuseum.com\/it\/wp-json\/wp\/v2\/comments?post=22470"}],"version-history":[{"count":1,"href":"https:\/\/casoriacontemporaryartmuseum.com\/it\/wp-json\/wp\/v2\/pages\/22470\/revisions"}],"predecessor-version":[{"id":28540,"href":"https:\/\/casoriacontemporaryartmuseum.com\/it\/wp-json\/wp\/v2\/pages\/22470\/revisions\/28540"}],"wp:featuredmedia":[{"embeddable":true,"href":"https:\/\/casoriacontemporaryartmuseum.com\/it\/wp-json\/wp\/v2\/media\/27667"}],"wp:attachment":[{"href":"https:\/\/casoriacontemporaryartmuseum.com\/it\/wp-json\/wp\/v2\/media?parent=22470"}],"curies":[{"name":"wp","href":"https:\/\/api.w.org\/{rel}","templated":true}]}}