{"id":18715,"date":"2016-10-13T17:22:15","date_gmt":"2016-10-13T17:22:15","guid":{"rendered":"http:\/\/www.casoriacontemporaryartmuseum.com\/blog\/?page_id=18715"},"modified":"2025-05-14T18:26:16","modified_gmt":"2025-05-14T17:26:16","slug":"didattica","status":"publish","type":"page","link":"https:\/\/casoriacontemporaryartmuseum.com\/it\/didattica\/","title":{"rendered":"CAM Didattica"},"content":{"rendered":"<p><\/p>\n<div class=\"page\" title=\"Page 1\">\n<div class=\"section\">\n<div class=\"layoutArea\">\n<div class=\"column\">\n<p><strong><a href=\"https:\/\/casoriacontemporaryartmuseum.com\/wp-content\/uploads\/2024\/01\/Schermata-2024-01-22-alle-19.12.48.png\"><img loading=\"lazy\" decoding=\"async\" class=\"alignnone wp-image-30299\" src=\"https:\/\/casoriacontemporaryartmuseum.com\/wp-content\/uploads\/2024\/01\/Schermata-2024-01-22-alle-19.12.48.png\" alt=\"\" width=\"842\" height=\"306\"><\/a>La scuola<\/strong> \u00e8 un organismo, vivo e vitale, incubatore di saperi, idee e progetti.<br \/>\nDa anni &#8220;CAM Museum\u201d lavora con istituzioni culturali e scuole&nbsp;tutto il territorio nazionale curando progetti educativi su misura con proposte didattiche di arte, musica, teatro, danza e cinema.<br \/>\nLe proposte educative pensate per le scuole di ogni ordine e grado, vogliono supportare il lavoro degli insegnanti e si basano sull&#8217;innovazione e l\u2019interdisciplinariet\u00e0.<br \/>\n&#8220;CAM Museum&#8221; si pone da sempre come ponte tra scuola, musei e territorio attraverso un dialogo solido, fertile e sempre attivo promuovendo percorsi volti a valorizzare la cultura e l&#8217;approfondimento del patrimonio comune.<br \/>\nCosa offriamo:<br \/>\nVisite guidate, visite animate e laboratori; cicli di laboratori in classe o in sede; progetti su misura di didattica dell&#8217;arte, musica, teatro, danza, fotografia e cinema; percorsi tematici e formativi, progetti di potenziamento della lingua italiana, inglese, matematica e di informatica.<br \/>\nLaboratori di Pittura, Scultura, Ceramica, Fotografia, Videomaker, Filmaker, Editing Video.<br \/>\nProgetti di inclusione sociale e culturale.<br \/>\nIl CAM Museum si occupa di tutte le fasi delle proposte per le scuole: dalla progettazione alla prenotazione, dalla selezione dei materiali utili alle attivit\u00e0 alla preparazione dei kit didattici, dalla realizzazione delle attivit\u00e0 in presenza alla conduzione dei laboratori in classe ed in sede.<br \/>\nL\u2019<strong>Ufficio Didattico del CAM <\/strong>ha l\u2019obiettivo principale di fornire gli strumenti necessari per un\u2019ampia e corretta comprensione dei temi storico-artistici e delle tecniche dell\u2019arte contemporanea.<br \/>\nIl Museo CAM, organizza delle visite d\u2019istruzione tematiche attraverso una serie di incontri con le scolaresche di ogni ordine e grado descrivendo la storia della Collezione e le caratteristiche delle opere che la compongono.<br \/>\nLa <strong>visita guidata<\/strong> ha una durata complessiva di circa 2 ore, comprese l\u2019accoglienza, il momento di pausa e l\u2019uscita. I partecipanti dopo l\u2019arrivo vengono guidati all\u2019ingresso dai nostri operatori e accolti nella Hall del museo. Dopo la presentazione della collezione e del museo, i nostri operatori introdurranno gli studenti nel vero e proprio spazio museale, dove si avr\u00e0 la visione complessiva delle opere esposte. La visita si snoder\u00e0 lungo le 6 sale del museo, dove gli studenti saranno invitati di volta in volta ad osservare una selezione particolare di opere, che per caratteristiche e contenuti risultino comprensibili per la loro et\u00e0. Si far\u00e0 riferimento alle tecniche artistiche e alle origini culturali e geografiche degli artisti di varie nazionalit\u00e0 presenti nel museo. A met\u00e0 della visita ci sar\u00e0 un\u2019introduzione ad alcune opere Video nella sala polifunzionale, dove ci sar\u00e0 anche un momento di pausa prima di continuare e concludere la visita.<br \/>\nLe <strong>attivit\u00e0 laboratoriali<\/strong> ospitate nella sala-laboratorio del Museo CAM tendono a sviluppare e consolidare capacit\u00e0 d\u2019osservazione, analisi e creazione degli studenti, rendendoli protagonisti e artefici di momenti creativi e di apprendimento \u201cfuori porta\u201d.<br \/>\nIl Museo CAM ha convenzioni attive con le Universit\u00e0 l\u2019<strong><i>Orientale<\/i><\/strong> di Napoli<i>, <strong>Luigi Vanvitelli <\/strong><\/i>di Aversa, <strong><em>Suor Orsola Benincasa<\/em> <\/strong>di Napoli.<\/p>\n<\/div>\n<\/div>\n<\/div>\n<\/div>\n<div>\n<p><strong>PER INFORMAZIONI E COSTI<br \/>\n<\/strong><strong>Ufficio Didattica:<br \/>\n<\/strong>INFO: +39 3332972239<br \/>\nE-mail: <a href=\"mailto:artmanfredi@hotmail.com\"><strong>artmanfredi@hotmail.com<\/strong><\/a><strong><br \/>\n<a href=\"mailto:info@casoriacontemporaryartmuseum.com\">info@casoriacontemporaryartmuseum.com&nbsp;<\/a><\/strong><\/p>\n<\/div>\n<p><\/p>","protected":false},"excerpt":{"rendered":"<p>La scuola \u00e8 un organismo, vivo e vitale, incubatore di saperi, idee e progetti. Da anni &#8220;CAM Museum\u201d lavora con istituzioni culturali e scuole&nbsp;tutto il territorio nazionale curando progetti educativi su misura con proposte didattiche di arte, musica, teatro, danza e cinema. Le proposte educative pensate per le scuole di ogni ordine e grado, vogliono &hellip; <a href=\"https:\/\/casoriacontemporaryartmuseum.com\/it\/didattica\/\" class=\"more-link\">Leggi tutto<span class=\"screen-reader-text\"> &#8220;CAM Didattica&#8221;<\/span><\/a><\/p>\n","protected":false},"author":1,"featured_media":0,"parent":0,"menu_order":0,"comment_status":"closed","ping_status":"closed","template":"","meta":{"ngg_post_thumbnail":0,"footnotes":""},"class_list":["post-18715","page","type-page","status-publish","hentry"],"yoast_head":"<!-- This site is optimized with the Yoast SEO plugin v24.0 - https:\/\/yoast.com\/wordpress\/plugins\/seo\/ -->\n<title>CAM Didattica - CAM MUSEUM<\/title>\n<meta name=\"robots\" content=\"index, follow, max-snippet:-1, max-image-preview:large, max-video-preview:-1\" \/>\n<link rel=\"canonical\" href=\"https:\/\/casoriacontemporaryartmuseum.com\/it\/didattica\/\" \/>\n<meta property=\"og:locale\" content=\"it_IT\" \/>\n<meta property=\"og:type\" content=\"article\" \/>\n<meta property=\"og:title\" content=\"CAM Didattica - CAM MUSEUM\" \/>\n<meta property=\"og:description\" content=\"La scuola \u00e8 un organismo, vivo e vitale, incubatore di saperi, idee e progetti. Da anni &#8220;CAM Museum\u201d lavora con istituzioni culturali e scuole&nbsp;tutto il territorio nazionale curando progetti educativi su misura con proposte didattiche di arte, musica, teatro, danza e cinema. Le proposte educative pensate per le scuole di ogni ordine e grado, vogliono &hellip; Leggi tutto &quot;CAM Didattica&quot;\" \/>\n<meta property=\"og:url\" content=\"https:\/\/casoriacontemporaryartmuseum.com\/it\/didattica\/\" \/>\n<meta property=\"og:site_name\" content=\"CAM MUSEUM\" \/>\n<meta property=\"article:publisher\" content=\"https:\/\/www.facebook.com\/CAM-Casoria-Contemporary-Art-Museum-62925556301\/\" \/>\n<meta property=\"article:modified_time\" content=\"2025-05-14T17:26:16+00:00\" \/>\n<meta property=\"og:image\" content=\"https:\/\/casoriacontemporaryartmuseum.com\/wp-content\/uploads\/2024\/01\/Schermata-2024-01-22-alle-19.12.48.png\" \/>\n\t<meta property=\"og:image:width\" content=\"901\" \/>\n\t<meta property=\"og:image:height\" content=\"321\" \/>\n\t<meta property=\"og:image:type\" content=\"image\/png\" \/>\n<meta name=\"twitter:card\" content=\"summary_large_image\" \/>\n<meta name=\"twitter:site\" content=\"@MuseoCAMCasoria\" \/>\n<meta name=\"twitter:label1\" content=\"Tempo di lettura stimato\" \/>\n\t<meta name=\"twitter:data1\" content=\"4 minuti\" \/>\n<script type=\"application\/ld+json\" class=\"yoast-schema-graph\">{\"@context\":\"https:\/\/schema.org\",\"@graph\":[{\"@type\":\"WebPage\",\"@id\":\"https:\/\/casoriacontemporaryartmuseum.com\/it\/didattica\/\",\"url\":\"https:\/\/casoriacontemporaryartmuseum.com\/it\/didattica\/\",\"name\":\"CAM Didattica - CAM MUSEUM\",\"isPartOf\":{\"@id\":\"https:\/\/casoriacontemporaryartmuseum.com\/it\/#website\"},\"primaryImageOfPage\":{\"@id\":\"https:\/\/casoriacontemporaryartmuseum.com\/it\/didattica\/#primaryimage\"},\"image\":{\"@id\":\"https:\/\/casoriacontemporaryartmuseum.com\/didattica\/#primaryimage\"},\"thumbnailUrl\":\"https:\/\/casoriacontemporaryartmuseum.com\/wp-content\/uploads\/2024\/01\/Schermata-2024-01-22-alle-19.12.48.png\",\"datePublished\":\"2016-10-13T17:22:15+00:00\",\"dateModified\":\"2025-05-14T17:26:16+00:00\",\"breadcrumb\":{\"@id\":\"https:\/\/casoriacontemporaryartmuseum.com\/it\/didattica\/#breadcrumb\"},\"inLanguage\":\"it-IT\",\"potentialAction\":[{\"@type\":\"ReadAction\",\"target\":[[\"https:\/\/casoriacontemporaryartmuseum.com\/it\/didattica\/\"]]}]},{\"@type\":\"ImageObject\",\"inLanguage\":\"it-IT\",\"@id\":\"https:\/\/casoriacontemporaryartmuseum.com\/it\/didattica\/#primaryimage\",\"url\":\"https:\/\/casoriacontemporaryartmuseum.com\/wp-content\/uploads\/2024\/01\/Schermata-2024-01-22-alle-19.12.48.png\",\"contentUrl\":\"https:\/\/casoriacontemporaryartmuseum.com\/wp-content\/uploads\/2024\/01\/Schermata-2024-01-22-alle-19.12.48.png\"},{\"@type\":\"BreadcrumbList\",\"@id\":\"https:\/\/casoriacontemporaryartmuseum.com\/it\/didattica\/#breadcrumb\",\"itemListElement\":[{\"@type\":\"ListItem\",\"position\":1,\"name\":\"Home\",\"item\":\"https:\/\/casoriacontemporaryartmuseum.com\/it\/\"},{\"@type\":\"ListItem\",\"position\":2,\"name\":\"CAM Didattica\"}]},{\"@type\":\"WebSite\",\"@id\":\"https:\/\/casoriacontemporaryartmuseum.com\/it\/#website\",\"url\":\"https:\/\/casoriacontemporaryartmuseum.com\/it\/\",\"name\":\"CAM MUSEUM\",\"description\":\"CAM Contemporary Art Museum\",\"publisher\":{\"@id\":\"https:\/\/casoriacontemporaryartmuseum.com\/it\/#organization\"},\"potentialAction\":[{\"@type\":\"SearchAction\",\"target\":{\"@type\":\"EntryPoint\",\"urlTemplate\":\"https:\/\/casoriacontemporaryartmuseum.com\/it\/?s={search_term_string}\"},\"query-input\":{\"@type\":\"PropertyValueSpecification\",\"valueRequired\":true,\"valueName\":\"search_term_string\"}}],\"inLanguage\":\"it-IT\"},{\"@type\":\"Organization\",\"@id\":\"https:\/\/casoriacontemporaryartmuseum.com\/it\/#organization\",\"name\":\"Casoria contemporaryart museum\",\"url\":\"https:\/\/casoriacontemporaryartmuseum.com\/it\/\",\"logo\":{\"@type\":\"ImageObject\",\"inLanguage\":\"it-IT\",\"@id\":\"https:\/\/casoriacontemporaryartmuseum.com\/it\/#\/schema\/logo\/image\/\",\"url\":\"https:\/\/casoriacontemporaryartmuseum.com\/wp-content\/uploads\/2017\/11\/CAM-MUSEUM-logo-bassa-definizione.jpg\",\"contentUrl\":\"https:\/\/casoriacontemporaryartmuseum.com\/wp-content\/uploads\/2017\/11\/CAM-MUSEUM-logo-bassa-definizione.jpg\",\"width\":1134,\"height\":1134,\"caption\":\"Casoria contemporaryart museum\"},\"image\":{\"@id\":\"https:\/\/casoriacontemporaryartmuseum.com\/it\/#\/schema\/logo\/image\/\"},\"sameAs\":[\"https:\/\/www.facebook.com\/CAM-Casoria-Contemporary-Art-Museum-62925556301\/\",\"https:\/\/x.com\/MuseoCAMCasoria\",\"https:\/\/instagram.com\/cammuseum\"]}]}<\/script>\n<!-- \/ Yoast SEO plugin. -->","yoast_head_json":{"title":"CAM Didattica - CAM MUSEUM","robots":{"index":"index","follow":"follow","max-snippet":"max-snippet:-1","max-image-preview":"max-image-preview:large","max-video-preview":"max-video-preview:-1"},"canonical":"https:\/\/casoriacontemporaryartmuseum.com\/it\/didattica\/","og_locale":"it_IT","og_type":"article","og_title":"CAM Didattica - CAM MUSEUM","og_description":"La scuola \u00e8 un organismo, vivo e vitale, incubatore di saperi, idee e progetti. Da anni &#8220;CAM Museum\u201d lavora con istituzioni culturali e scuole&nbsp;tutto il territorio nazionale curando progetti educativi su misura con proposte didattiche di arte, musica, teatro, danza e cinema. Le proposte educative pensate per le scuole di ogni ordine e grado, vogliono &hellip; Leggi tutto \"CAM Didattica\"","og_url":"https:\/\/casoriacontemporaryartmuseum.com\/it\/didattica\/","og_site_name":"CAM MUSEUM","article_publisher":"https:\/\/www.facebook.com\/CAM-Casoria-Contemporary-Art-Museum-62925556301\/","article_modified_time":"2025-05-14T17:26:16+00:00","og_image":[{"width":901,"height":321,"url":"https:\/\/casoriacontemporaryartmuseum.com\/wp-content\/uploads\/2024\/01\/Schermata-2024-01-22-alle-19.12.48.png","type":"image\/png"}],"twitter_card":"summary_large_image","twitter_site":"@MuseoCAMCasoria","twitter_misc":{"Tempo di lettura stimato":"4 minuti"},"schema":{"@context":"https:\/\/schema.org","@graph":[{"@type":"WebPage","@id":"https:\/\/casoriacontemporaryartmuseum.com\/it\/didattica\/","url":"https:\/\/casoriacontemporaryartmuseum.com\/it\/didattica\/","name":"CAM Didattica - CAM MUSEUM","isPartOf":{"@id":"https:\/\/casoriacontemporaryartmuseum.com\/it\/#website"},"primaryImageOfPage":{"@id":"https:\/\/casoriacontemporaryartmuseum.com\/it\/didattica\/#primaryimage"},"image":{"@id":"https:\/\/casoriacontemporaryartmuseum.com\/didattica\/#primaryimage"},"thumbnailUrl":"https:\/\/casoriacontemporaryartmuseum.com\/wp-content\/uploads\/2024\/01\/Schermata-2024-01-22-alle-19.12.48.png","datePublished":"2016-10-13T17:22:15+00:00","dateModified":"2025-05-14T17:26:16+00:00","breadcrumb":{"@id":"https:\/\/casoriacontemporaryartmuseum.com\/it\/didattica\/#breadcrumb"},"inLanguage":"it-IT","potentialAction":[{"@type":"ReadAction","target":[["https:\/\/casoriacontemporaryartmuseum.com\/it\/didattica\/"]]}]},{"@type":"ImageObject","inLanguage":"it-IT","@id":"https:\/\/casoriacontemporaryartmuseum.com\/it\/didattica\/#primaryimage","url":"https:\/\/casoriacontemporaryartmuseum.com\/wp-content\/uploads\/2024\/01\/Schermata-2024-01-22-alle-19.12.48.png","contentUrl":"https:\/\/casoriacontemporaryartmuseum.com\/wp-content\/uploads\/2024\/01\/Schermata-2024-01-22-alle-19.12.48.png"},{"@type":"BreadcrumbList","@id":"https:\/\/casoriacontemporaryartmuseum.com\/it\/didattica\/#breadcrumb","itemListElement":[{"@type":"ListItem","position":1,"name":"Home","item":"https:\/\/casoriacontemporaryartmuseum.com\/it\/"},{"@type":"ListItem","position":2,"name":"CAM Didattica"}]},{"@type":"WebSite","@id":"https:\/\/casoriacontemporaryartmuseum.com\/it\/#website","url":"https:\/\/casoriacontemporaryartmuseum.com\/it\/","name":"CAM MUSEUM","description":"CAM Contemporary Art Museum","publisher":{"@id":"https:\/\/casoriacontemporaryartmuseum.com\/it\/#organization"},"potentialAction":[{"@type":"SearchAction","target":{"@type":"EntryPoint","urlTemplate":"https:\/\/casoriacontemporaryartmuseum.com\/it\/?s={search_term_string}"},"query-input":{"@type":"PropertyValueSpecification","valueRequired":true,"valueName":"search_term_string"}}],"inLanguage":"it-IT"},{"@type":"Organization","@id":"https:\/\/casoriacontemporaryartmuseum.com\/it\/#organization","name":"Casoria contemporaryart museum","url":"https:\/\/casoriacontemporaryartmuseum.com\/it\/","logo":{"@type":"ImageObject","inLanguage":"it-IT","@id":"https:\/\/casoriacontemporaryartmuseum.com\/it\/#\/schema\/logo\/image\/","url":"https:\/\/casoriacontemporaryartmuseum.com\/wp-content\/uploads\/2017\/11\/CAM-MUSEUM-logo-bassa-definizione.jpg","contentUrl":"https:\/\/casoriacontemporaryartmuseum.com\/wp-content\/uploads\/2017\/11\/CAM-MUSEUM-logo-bassa-definizione.jpg","width":1134,"height":1134,"caption":"Casoria contemporaryart museum"},"image":{"@id":"https:\/\/casoriacontemporaryartmuseum.com\/it\/#\/schema\/logo\/image\/"},"sameAs":["https:\/\/www.facebook.com\/CAM-Casoria-Contemporary-Art-Museum-62925556301\/","https:\/\/x.com\/MuseoCAMCasoria","https:\/\/instagram.com\/cammuseum"]}]}},"_links":{"self":[{"href":"https:\/\/casoriacontemporaryartmuseum.com\/it\/wp-json\/wp\/v2\/pages\/18715"}],"collection":[{"href":"https:\/\/casoriacontemporaryartmuseum.com\/it\/wp-json\/wp\/v2\/pages"}],"about":[{"href":"https:\/\/casoriacontemporaryartmuseum.com\/it\/wp-json\/wp\/v2\/types\/page"}],"author":[{"embeddable":true,"href":"https:\/\/casoriacontemporaryartmuseum.com\/it\/wp-json\/wp\/v2\/users\/1"}],"replies":[{"embeddable":true,"href":"https:\/\/casoriacontemporaryartmuseum.com\/it\/wp-json\/wp\/v2\/comments?post=18715"}],"version-history":[{"count":33,"href":"https:\/\/casoriacontemporaryartmuseum.com\/it\/wp-json\/wp\/v2\/pages\/18715\/revisions"}],"predecessor-version":[{"id":30580,"href":"https:\/\/casoriacontemporaryartmuseum.com\/it\/wp-json\/wp\/v2\/pages\/18715\/revisions\/30580"}],"wp:attachment":[{"href":"https:\/\/casoriacontemporaryartmuseum.com\/it\/wp-json\/wp\/v2\/media?parent=18715"}],"curies":[{"name":"wp","href":"https:\/\/api.w.org\/{rel}","templated":true}]}}